{"id":112,"date":"2019-06-24T19:42:44","date_gmt":"2019-06-24T19:42:44","guid":{"rendered":"http:\/\/kochgaerten.ch\/wordpress_a\/?page_id=112"},"modified":"2020-02-23T17:18:02","modified_gmt":"2020-02-23T17:18:02","slug":"agb","status":"publish","type":"page","link":"https:\/\/kochgaerten.ch\/wordpress_a\/agb\/","title":{"rendered":"AGB"},"content":{"rendered":"\t\t<div data-elementor-type=\"wp-post\" data-elementor-id=\"112\" class=\"elementor elementor-112\">\n\t\t\t\t\t\t<section class=\"elementor-section elementor-top-section elementor-element elementor-element-38c4c45 elementor-section-boxed elementor-section-height-default elementor-section-height-default\" data-id=\"38c4c45\" data-element_type=\"section\" data-e-type=\"section\">\n\t\t\t\t\t\t<div class=\"elementor-container elementor-column-gap-default\">\n\t\t\t\t\t<div class=\"elementor-column elementor-col-100 elementor-top-column elementor-element elementor-element-e579d2f\" data-id=\"e579d2f\" data-element_type=\"column\" data-e-type=\"column\">\n\t\t\t<div class=\"elementor-widget-wrap elementor-element-populated\">\n\t\t\t\t\t\t<div class=\"elementor-element elementor-element-d4d7d60 elementor-widget elementor-widget-heading\" data-id=\"d4d7d60\" data-element_type=\"widget\" data-e-type=\"widget\" data-widget_type=\"heading.default\">\n\t\t\t\t<div class=\"elementor-widget-container\">\n\t\t\t\t\t<h2 class=\"elementor-heading-title elementor-size-default\">AGB (Allgemeine Gesch\u00e4ftsbedingungen)<\/h2>\t\t\t\t<\/div>\n\t\t\t\t<\/div>\n\t\t\t\t\t<\/div>\n\t\t<\/div>\n\t\t\t\t\t<\/div>\n\t\t<\/section>\n\t\t\t\t<section class=\"elementor-section elementor-top-section elementor-element elementor-element-9ddd609 elementor-section-boxed elementor-section-height-default elementor-section-height-default\" data-id=\"9ddd609\" data-element_type=\"section\" data-e-type=\"section\">\n\t\t\t\t\t\t<div class=\"elementor-container elementor-column-gap-default\">\n\t\t\t\t\t<div class=\"elementor-column elementor-col-100 elementor-top-column elementor-element elementor-element-746a144\" data-id=\"746a144\" data-element_type=\"column\" data-e-type=\"column\">\n\t\t\t<div class=\"elementor-widget-wrap elementor-element-populated\">\n\t\t\t\t\t\t<div class=\"elementor-element elementor-element-4cfb5f5 elementor-widget elementor-widget-text-editor\" data-id=\"4cfb5f5\" data-element_type=\"widget\" data-e-type=\"widget\" data-widget_type=\"text-editor.default\">\n\t\t\t\t<div class=\"elementor-widget-container\">\n\t\t\t\t\t\t\t\t\t<p>der Firma Koch G\u00e4rten GmbH, 8192 Zweidlen \/ 8193 Eglisau<\/p><p><strong>Bereich Gartenbau, Gartenpflege<\/strong><\/p><ul><li>Die Tarife basieren auf den jeweils geltenden Vertragsl\u00f6hnen, Tarif- und Ankaufspreisen. Ab Datum einer Lohn- oder Materialpreis\u00e4nderung gilt der neue Tarifansatz.<\/li><li>Der Weg vom Gesch\u00e4ftsdomizil zur Arbeitsstelle und zur\u00fcck wird verrechnet.<\/li><li>F\u00fcr die Verrechnung von Regiearbeiten gelten unsere aktuellen Stundens\u00e4tze und unsere Preistabelle.<\/li><li>Erfolgt die Material- oder Pflanzenlieferung durch den Bauherrn oder zu erm\u00e4ssigten Preisen (Rabatte, Skonti) \u00fcbernimmt der Unternehmer keine Garantie.<\/li><li>Material- und Deponiepreise gelten ab Magazin, Lieferwerk oder Deponie. Der Auflad-, Transport- und Abladekosten werden nach Aufwand verrechnet.<\/li><li>Kleinmengen an Material oder Maschinenstunden k\u00f6nnen in der Rechnung als Pauschale aufgef\u00fchrt werden (Zusammenzug).<\/li><li>F\u00fcr Fakturen unter Fr. 100.00 wird ein ein Kleinmengenzuschlag von Fr. 10.00 verrechnet.<\/li><li>Geb\u00fchren f\u00fcr die Benutzung von \u00f6ffentlichem und privatem Grund, Ablage- und Deponiegeb\u00fchren, Installationen, Signalisationen, Beleuchtungen und Wasser sind in den Preisen nicht eingerechnet und werden gesondert verrechnet.<\/li><li>Bau- und Terrainaufnahmen, technische Berechnungen, Pl\u00e4ne und Skizzen, Submissionsbeschriebe und Bauleitungen werden gesondert verrechnet, gem\u00e4ss Honorarabrechnung des Verbandes Schweizerischer G\u00e4rtnermeister.<\/li><li>Auf Regiearbeiten werden keine Mengenrabatte gew\u00e4hrt.<\/li><li>Die Mehrwertsteuer ist in den Preisen nicht inbegriffen.<\/li><li>Wurde im Werkvertrag ein Preisnachlass auf den Abrechnungsbetrag der Akkordarbeiten vereinbart, so gilt dieser nicht f\u00fcr die Regiearbeiten.<\/li><li>Bei Regiearbeiten haftet der Unternehmer f\u00fcr allf\u00e4llige Sch\u00e4den, die seine Belegschaft oder Ger\u00e4te verursachen, nur insofern, als die Arbeiten unter seiner Aufsicht ausgef\u00fchrt werden.<\/li><li>Der mitarbeitende Gruppenf\u00fchrer (Meister, Polier, Oberg\u00e4rtner oder Vorarbeiter) kann bei Regiearbeiten verrechnet werden.<\/li><li>Im weiteren gelten die Bestimmungen der SIA-Normen 118 und 318.<\/li><li>Eigentumsvorbehalt: Die gelieferten Waren und Pflanzen bleiben bis zur Bezahlung unser Eigentum.<\/li><li>Zahlungskonditionen: zahlbar innert 30 Tagen netto.<\/li><li>Anwendbares Recht und Gerichtsstand: S\u00e4mtliche Rechtsbeziehungen zwischen dem Kunden und der Fa. Koch G\u00e4rten, insbesondere s\u00e4mtliche abgeschlossene Vertr\u00e4ge und diese Allgemeinen Gesch\u00e4ftsbedingungen unterstehen ausschliesslich dem schweizerischen Recht. Die Anwendbarkeit des \u00dcbereinkommens der Vereinigten Nationen \u00fcber Vertr\u00e4ge im internationalen Warenkauf vom 11. April 1980 (\u201eWiener Kaufrecht\u201c) ist ausgeschlossen.<br \/>Erf\u00fcllungsort und Gerichtsstand f\u00fcr beide Parteien ist das Domizil der Fa. Koch G\u00e4rten, in Eglisau.<\/li><\/ul><p><strong>Bereich Teichfische und Koi<\/strong><\/p><ul><li>Grunds\u00e4tzlich gelten die Allgemeinen Gesch\u00e4ftsbedingungen f\u00fcr den Bereich Gartenbau.<\/li><li>F\u00fcr Teichfische und Koi besteht kein Postversand, es handelt sich um lebende Tiere!<\/li><li>Die Fische werden gegen Unkostenbeitrag von uns geliefert oder k\u00f6nnen bei uns abgeholt werden, Termin nach Absprache.<\/li><li>Abgabe von Fischen nur gegen Barzahlung (Keine Karten, keine Rechnung, keine Postcard oder EC), die Preise gelten in SFr. inkl. Mehrwertsteuer.<\/li><li>Die Fa. Koch G\u00e4rten ist keine Tierhandlung unser Sortiment und der Bestand kann je nach Saison \u00e4ndern.<br \/>Angebots- und Preisanpassungen bleiben vorbehalten.<\/li><li>Die Preise der Teichfische sind Tagespreise f\u00fcr Durchschnittsgr\u00f6ssen, sie k\u00f6nnen je nach Lieferung variieren. Die Preise der Koi werden je nach Typ und Gr\u00f6sse festgesetzt.<\/li><li>In den Preisen f\u00fcr die Fische ist die Mehrwertsteuer inbegriffen (abweichend zum Zubeh\u00f6r und Gartenbau).<\/li><li>Eigentumsvorbehalt: Die gelieferten Waren und Pflanzen bleiben bis zur Bezahlung unser Eigentum.<\/li><li>Haftungsbegrenzung: Beim Kauf von Fischen und Muscheln sind s\u00e4mtliche Gew\u00e4hrleistungs- und Haftungsanspr\u00fcche, insbesondere auch f\u00fcr krankheitsbedingte Folgesch\u00e4den, ausdr\u00fccklich wegbedungen.<\/li><li>Die Fische werden zum Teil im Naturweiher oder im Flusswasser gehalten, je nach Wasserqualit\u00e4t kann vor der Auslieferung eine Behandlung der Tiere mit Medikamenten n\u00f6tig sein. Die Auslieferung verz\u00f6gert sich dann um die Dauer der Behandlung, die Behandlung ist bis zum Kaufpreis von Fr. 100.00 kostenpflichtig, ab Fr. 100.00 ist die Behandlung im Preis inbegriffen.<\/li><li>Fische werden nur in der Saison und nur in geeignete Weiher oder Becken ausgeliefert. Im Zweifelsfall behalten wir uns den R\u00fcckzug unserer Angebote vor.<\/li><\/ul>\t\t\t\t\t\t\t\t<\/div>\n\t\t\t\t<\/div>\n\t\t\t\t\t<\/div>\n\t\t<\/div>\n\t\t\t\t\t<\/div>\n\t\t<\/section>\n\t\t\t\t<\/div>\n\t\t","protected":false},"excerpt":{"rendered":"<p>AGB (Allgemeine Gesch\u00e4ftsbedingungen) der Firma Koch G\u00e4rten GmbH, 8192 Zweidlen \/ 8193 Eglisau Bereich Gartenbau, Gartenpflege Die Tarife basieren auf den jeweils geltenden Vertragsl\u00f6hnen, Tarif- und Ankaufspreisen. Ab Datum einer Lohn- oder Materialpreis\u00e4nderung gilt der neue Tarifansatz. Der Weg vom Gesch\u00e4ftsdomizil zur Arbeitsstelle und zur\u00fcck wird verrechnet. F\u00fcr die Verrechnung von Regiearbeiten gelten unsere aktuellen [&hellip;]<\/p>\n","protected":false},"author":1,"featured_media":0,"parent":0,"menu_order":0,"comment_status":"closed","ping_status":"closed","template":"elementor_header_footer","meta":{"footnotes":""},"class_list":["post-112","page","type-page","status-publish","hentry"],"_links":{"self":[{"href":"https:\/\/kochgaerten.ch\/wordpress_a\/wp-json\/wp\/v2\/pages\/112","targetHints":{"allow":["GET"]}}],"collection":[{"href":"https:\/\/kochgaerten.ch\/wordpress_a\/wp-json\/wp\/v2\/pages"}],"about":[{"href":"https:\/\/kochgaerten.ch\/wordpress_a\/wp-json\/wp\/v2\/types\/page"}],"author":[{"embeddable":true,"href":"https:\/\/kochgaerten.ch\/wordpress_a\/wp-json\/wp\/v2\/users\/1"}],"replies":[{"embeddable":true,"href":"https:\/\/kochgaerten.ch\/wordpress_a\/wp-json\/wp\/v2\/comments?post=112"}],"version-history":[{"count":5,"href":"https:\/\/kochgaerten.ch\/wordpress_a\/wp-json\/wp\/v2\/pages\/112\/revisions"}],"predecessor-version":[{"id":351,"href":"https:\/\/kochgaerten.ch\/wordpress_a\/wp-json\/wp\/v2\/pages\/112\/revisions\/351"}],"wp:attachment":[{"href":"https:\/\/kochgaerten.ch\/wordpress_a\/wp-json\/wp\/v2\/media?parent=112"}],"curies":[{"name":"wp","href":"https:\/\/api.w.org\/{rel}","templated":true}]}}